{"id":757,"date":"2014-09-12T10:30:07","date_gmt":"2014-09-12T10:30:07","guid":{"rendered":"https:\/\/codeless.co\/specular\/business2\/?page_id=757"},"modified":"2021-04-09T11:59:46","modified_gmt":"2021-04-09T11:59:46","slug":"servicios-thermik","status":"publish","type":"page","link":"https:\/\/thermik.es\/wordpress\/servicios-thermik\/","title":{"rendered":"Servicios"},"content":{"rendered":"<p>[vc_row][vc_column][vc_custom_heading text=&#8221;<b>Servicios profesionales<\/b>&#8221; font_container=&#8221;tag:h2|font_size:28px|text_align:center|color:%23555555|line_height:40px&#8221;][separator width=&#8221;100%&#8221; height=&#8221;1px&#8221; color=&#8221;#e1e1e1&#8243; margin_top=&#8221;20px&#8221; margin_bottom=&#8221;px&#8221;][\/vc_column][\/vc_row][vc_row][vc_column width=&#8221;1\/4&#8243;][services_media title=&#8221;Calefacci\u00f3n&#8221; photo=&#8221;1135&#8243; style=&#8221;style_2&#8243;][\/services_media][vc_column_text]Soluciones para todo tipo de instalaciones <strong>minimizando el coste<\/strong> y el consumo energ\u00e9tico proporcionando el m\u00e1ximo rendimiento y confort.\u00a0 Centramos nuestra actividad tanto en la instalaci\u00f3n como en el <strong>mantenimiento<\/strong> y la <strong>reparaci\u00f3n<\/strong> de los sistemas de calefacci\u00f3n dom\u00e9sticos, comerciales e industriales.[\/vc_column_text][\/vc_column][vc_column width=&#8221;1\/4&#8243;][services_media title=&#8221;Calderas&#8221; photo=&#8221;1130&#8243; style=&#8221;style_2&#8243;][\/services_media][vc_column_text]Estudiamos las necesidades de nuestros clientes con el fin de ofrecer la marca y el modelo de caldera <strong>m\u00e1s adecuado<\/strong> para conseguir un <strong>excelente rendimiento<\/strong> gracias al <strong>aprovechamiento del calor<\/strong> generado en la condensaci\u00f3n de los vapores del agua.[\/vc_column_text][\/vc_column][vc_column width=&#8221;1\/4&#8243;][services_media title=&#8221;Agua Caliente Sanitaria&#8221; photo=&#8221;1131&#8243; style=&#8221;style_2&#8243;][\/services_media][vc_column_text]El Agua Caliente Sanitaria supone hasta un 26% de <strong>consumo energ\u00e9tico<\/strong>, por ello, trabajamos para sacar el <strong>m\u00e1ximo partido<\/strong> del sistema de producci\u00f3n de agua caliente tanto en instalaciones dom\u00e9sticas como industriales y comunitarias.[\/vc_column_text][\/vc_column][vc_column width=&#8221;1\/4&#8243;][services_media title=&#8221;Gas&#8221; photo=&#8221;1132&#8243; style=&#8221;style_2&#8243;][\/services_media][vc_column_text]Realizamos todo tipo de <strong>instalaciones de gas<\/strong> dom\u00e9sticas e industriales, entre nuestros servicios ofrecemos: Detecci\u00f3n de fugas, reparaci\u00f3n y modificaci\u00f3n de tuber\u00edas, correcci\u00f3n de anomal\u00edas, altas de gas, an\u00e1lisis de combusti\u00f3n y certificados de revisi\u00f3n.[\/vc_column_text][\/vc_column][\/vc_row][vc_row][vc_column width=&#8221;1\/4&#8243;][services_media title=&#8221;Climatizaci\u00f3n&#8221; photo=&#8221;1078&#8243; style=&#8221;style_2&#8243;][\/services_media][vc_column_text]Garantizamos la <strong>m\u00e1xima calidad<\/strong> en equipos de climatizaci\u00f3n buscando en todo momento optimizar la <strong>eficiencia energ\u00e9tica<\/strong> de las instalaciones y la reducci\u00f3n del impacto medioambiental con la finalidad de conseguir un\u00a0<strong>entorno confortable<\/strong>.[\/vc_column_text][\/vc_column][vc_column width=&#8221;1\/4&#8243;][services_media title=&#8221;Legalizaci\u00f3n&#8221; photo=&#8221;1054&#8243; style=&#8221;style_2&#8243;][\/services_media][vc_column_text]Disponemos de un equipo cualificado para la legalizaci\u00f3n de cualquier tipo de instalaci\u00f3n con el <strong>mejor servicio<\/strong> y rapidez, atendiendo a la demanda de los diferentes reglamentos para cumplir la <strong>normativa vigente<\/strong>.[\/vc_column_text][\/vc_column][vc_column width=&#8221;1\/4&#8243;][services_media title=&#8221;Energ\u00edas Renovables&#8221; photo=&#8221;1067&#8243; style=&#8221;style_2&#8243;][\/services_media][vc_column_text]El uso de las energ\u00edas renovables contribuye a <strong>potenciar el autoconsumo<\/strong> de forma ilimitada sin generar residuos pensando en el m\u00ednimo impacto <strong>medioambiental<\/strong>. Las <strong>placas solares<\/strong> son las grandes protagonistas transformando la radiaci\u00f3n solar en electricidad, agua caliente y calefacci\u00f3n.[\/vc_column_text][\/vc_column][vc_column width=&#8221;1\/4&#8243;][services_media title=&#8221;Inst. Industriales&#8221; photo=&#8221;1035&#8243; style=&#8221;style_2&#8243;][\/services_media][vc_column_text]Thermik trabaja en <strong>instalaciones industriales<\/strong> de agua, gas, calefacci\u00f3n, climatizaci\u00f3n, chimeneas de evacuaci\u00f3n y mantenimiento de las mismas, en hospitales, colegios, laboratorios, hoteles, comunidades de propietarios, etc.[\/vc_column_text][\/vc_column][\/vc_row][vc_row disable_element=&#8221;yes&#8221;][vc_column column_padding=&#8221;2.5%&#8221; background_color=&#8221;#f6f6f6&#8243;][textbar title=&#8221;One Theme, Endless Possibilities and much more is coming in the next updates.&#8221; button_title=&#8221;Purchase Now&#8221; icon=&#8221;moon-play-4&#8243;][\/vc_column][\/vc_row][vc_row disable_element=&#8221;yes&#8221;][vc_column width=&#8221;2\/3&#8243;][block_title style=&#8221;column_title&#8221; inner_style=&#8221;inline_border&#8221; title=&#8221;Our Process&#8221;][\/block_title][vc_column_text]Not only home variations or demos but fully created sites for you ready to publish on the net. More than 20+ ready to use sites created with research and dedication.<\/p>\n<p>Choose the right one and go online in 5 minutes. Specular is the last theme you will ever need to buy. Keep coming back to this page to get the latest updates. New Features and Demo Sites added every week.<\/p>\n<p>With a staff of 12 members, Codeless will provide the most powerful and real-time support you have ever tried. Our staff members are concentrating in helping our customers to solve and customize their sites. [\/vc_column_text][\/vc_column][vc_column width=&#8221;1\/3&#8243;][block_title style=&#8221;column_title&#8221; inner_style=&#8221;inline_border&#8221; title=&#8221;Why Choose Us&#8221;][\/block_title][list icon=&#8221;moon-star&#8221;][list_item title=&#8221;The #1 Real Multi-Site Theme on market&#8221;][list_item title=&#8221;Dedicated Support Center&#8221;][list_item title=&#8221;Infinitely Possibilities&#8221;][list_item title=&#8221;For Business Purposes&#8221;][list_item title=&#8221;Marketing Make Money&#8221;][\/list][\/vc_column][\/vc_row][vc_row disable_element=&#8221;yes&#8221;][vc_column][block_title style=&#8221;column_title&#8221; inner_style=&#8221;inline_border&#8221; title=&#8221;Worked with us&#8221;][\/block_title][clients][\/vc_column][\/vc_row]<\/p>\n","protected":false},"excerpt":{"rendered":"<p>[vc_row][vc_column][vc_custom_heading text=&#8221;Servicios profesionales&#8221; font_container=&#8221;tag:h2|font_size:28px|text_align:center|color:%23555555|line_height:40px&#8221;][separator width=&#8221;100%&#8221; height=&#8221;1px&#8221; color=&#8221;#e1e1e1&#8243; margin_top=&#8221;20px&#8221; margin_bottom=&#8221;px&#8221;][\/vc_column][\/vc_row][vc_row][vc_column width=&#8221;1\/4&#8243;][services_media title=&#8221;Calefacci\u00f3n&#8221; photo=&#8221;1135&#8243; style=&#8221;style_2&#8243;][\/services_media][vc_column_text]Soluciones para todo tipo de instalaciones minimizando el coste y el consumo energ\u00e9tico proporcionando el m\u00e1ximo rendimiento y confort.\u00a0 Centramos nuestra actividad tanto en la instalaci\u00f3n como en el mantenimiento y la reparaci\u00f3n de los sistemas de calefacci\u00f3n dom\u00e9sticos, comerciales e industriales.[\/vc_column_text][\/vc_column][vc_column width=&#8221;1\/4&#8243;][services_media [&hellip;]<\/p>\n","protected":false},"author":1,"featured_media":0,"parent":0,"menu_order":0,"comment_status":"open","ping_status":"open","template":"","meta":{"footnotes":""},"class_list":["post-757","page","type-page","status-publish","hentry"],"yoast_head":"<!-- This site is optimized with the Yoast SEO plugin v27.5 - https:\/\/yoast.com\/product\/yoast-seo-wordpress\/ -->\n<title>Servicios profesionales con trabajadores cualificados. - THERMIK S.L.<\/title>\n<meta name=\"description\" content=\"Thermik ofrece servicios profesionales con trabajadores cualificados. Instalaci\u00f3n y mantenimiento de equipos de Calefacci\u00f3n, Gas, ACS y Aire Acondicionado.\" \/>\n<meta name=\"robots\" content=\"index, follow, max-snippet:-1, max-image-preview:large, max-video-preview:-1\" \/>\n<link rel=\"canonical\" href=\"https:\/\/thermik.es\/wordpress\/servicios-thermik\/\" \/>\n<meta property=\"og:locale\" content=\"es_ES\" \/>\n<meta property=\"og:type\" content=\"article\" \/>\n<meta property=\"og:title\" content=\"Servicios profesionales con trabajadores cualificados. - THERMIK S.L.\" \/>\n<meta property=\"og:description\" content=\"Thermik ofrece servicios profesionales con trabajadores cualificados. Instalaci\u00f3n y mantenimiento de equipos de Calefacci\u00f3n, Gas, ACS y Aire Acondicionado.\" \/>\n<meta property=\"og:url\" content=\"https:\/\/thermik.es\/wordpress\/servicios-thermik\/\" \/>\n<meta property=\"og:site_name\" content=\"THERMIK S.L.\" \/>\n<meta property=\"article:modified_time\" content=\"2021-04-09T11:59:46+00:00\" \/>\n<meta name=\"twitter:card\" content=\"summary_large_image\" \/>\n<meta name=\"twitter:label1\" content=\"Tiempo de lectura\" \/>\n\t<meta name=\"twitter:data1\" content=\"3 minutos\" \/>\n<script type=\"application\/ld+json\" class=\"yoast-schema-graph\">{\"@context\":\"https:\\\/\\\/schema.org\",\"@graph\":[{\"@type\":\"WebPage\",\"@id\":\"https:\\\/\\\/thermik.es\\\/wordpress\\\/servicios-thermik\\\/\",\"url\":\"https:\\\/\\\/thermik.es\\\/wordpress\\\/servicios-thermik\\\/\",\"name\":\"Servicios profesionales con trabajadores cualificados. - THERMIK S.L.\",\"isPartOf\":{\"@id\":\"https:\\\/\\\/thermik.es\\\/wordpress\\\/#website\"},\"datePublished\":\"2014-09-12T10:30:07+00:00\",\"dateModified\":\"2021-04-09T11:59:46+00:00\",\"description\":\"Thermik ofrece servicios profesionales con trabajadores cualificados. Instalaci\u00f3n y mantenimiento de equipos de Calefacci\u00f3n, Gas, ACS y Aire Acondicionado.\",\"breadcrumb\":{\"@id\":\"https:\\\/\\\/thermik.es\\\/wordpress\\\/servicios-thermik\\\/#breadcrumb\"},\"inLanguage\":\"es\",\"potentialAction\":[{\"@type\":\"ReadAction\",\"target\":[\"https:\\\/\\\/thermik.es\\\/wordpress\\\/servicios-thermik\\\/\"]}]},{\"@type\":\"BreadcrumbList\",\"@id\":\"https:\\\/\\\/thermik.es\\\/wordpress\\\/servicios-thermik\\\/#breadcrumb\",\"itemListElement\":[{\"@type\":\"ListItem\",\"position\":1,\"name\":\"Portada\",\"item\":\"https:\\\/\\\/thermik.es\\\/wordpress\\\/\"},{\"@type\":\"ListItem\",\"position\":2,\"name\":\"Servicios\"}]},{\"@type\":\"WebSite\",\"@id\":\"https:\\\/\\\/thermik.es\\\/wordpress\\\/#website\",\"url\":\"https:\\\/\\\/thermik.es\\\/wordpress\\\/\",\"name\":\"THERMIK S.L.\",\"description\":\"Thermik.S.L.\",\"potentialAction\":[{\"@type\":\"SearchAction\",\"target\":{\"@type\":\"EntryPoint\",\"urlTemplate\":\"https:\\\/\\\/thermik.es\\\/wordpress\\\/?s={search_term_string}\"},\"query-input\":{\"@type\":\"PropertyValueSpecification\",\"valueRequired\":true,\"valueName\":\"search_term_string\"}}],\"inLanguage\":\"es\"}]}<\/script>\n<!-- \/ Yoast SEO plugin. -->","yoast_head_json":{"title":"Servicios profesionales con trabajadores cualificados. - THERMIK S.L.","description":"Thermik ofrece servicios profesionales con trabajadores cualificados. Instalaci\u00f3n y mantenimiento de equipos de Calefacci\u00f3n, Gas, ACS y Aire Acondicionado.","robots":{"index":"index","follow":"follow","max-snippet":"max-snippet:-1","max-image-preview":"max-image-preview:large","max-video-preview":"max-video-preview:-1"},"canonical":"https:\/\/thermik.es\/wordpress\/servicios-thermik\/","og_locale":"es_ES","og_type":"article","og_title":"Servicios profesionales con trabajadores cualificados. - THERMIK S.L.","og_description":"Thermik ofrece servicios profesionales con trabajadores cualificados. Instalaci\u00f3n y mantenimiento de equipos de Calefacci\u00f3n, Gas, ACS y Aire Acondicionado.","og_url":"https:\/\/thermik.es\/wordpress\/servicios-thermik\/","og_site_name":"THERMIK S.L.","article_modified_time":"2021-04-09T11:59:46+00:00","twitter_card":"summary_large_image","twitter_misc":{"Tiempo de lectura":"3 minutos"},"schema":{"@context":"https:\/\/schema.org","@graph":[{"@type":"WebPage","@id":"https:\/\/thermik.es\/wordpress\/servicios-thermik\/","url":"https:\/\/thermik.es\/wordpress\/servicios-thermik\/","name":"Servicios profesionales con trabajadores cualificados. - THERMIK S.L.","isPartOf":{"@id":"https:\/\/thermik.es\/wordpress\/#website"},"datePublished":"2014-09-12T10:30:07+00:00","dateModified":"2021-04-09T11:59:46+00:00","description":"Thermik ofrece servicios profesionales con trabajadores cualificados. Instalaci\u00f3n y mantenimiento de equipos de Calefacci\u00f3n, Gas, ACS y Aire Acondicionado.","breadcrumb":{"@id":"https:\/\/thermik.es\/wordpress\/servicios-thermik\/#breadcrumb"},"inLanguage":"es","potentialAction":[{"@type":"ReadAction","target":["https:\/\/thermik.es\/wordpress\/servicios-thermik\/"]}]},{"@type":"BreadcrumbList","@id":"https:\/\/thermik.es\/wordpress\/servicios-thermik\/#breadcrumb","itemListElement":[{"@type":"ListItem","position":1,"name":"Portada","item":"https:\/\/thermik.es\/wordpress\/"},{"@type":"ListItem","position":2,"name":"Servicios"}]},{"@type":"WebSite","@id":"https:\/\/thermik.es\/wordpress\/#website","url":"https:\/\/thermik.es\/wordpress\/","name":"THERMIK S.L.","description":"Thermik.S.L.","potentialAction":[{"@type":"SearchAction","target":{"@type":"EntryPoint","urlTemplate":"https:\/\/thermik.es\/wordpress\/?s={search_term_string}"},"query-input":{"@type":"PropertyValueSpecification","valueRequired":true,"valueName":"search_term_string"}}],"inLanguage":"es"}]}},"_links":{"self":[{"href":"https:\/\/thermik.es\/wordpress\/wp-json\/wp\/v2\/pages\/757","targetHints":{"allow":["GET"]}}],"collection":[{"href":"https:\/\/thermik.es\/wordpress\/wp-json\/wp\/v2\/pages"}],"about":[{"href":"https:\/\/thermik.es\/wordpress\/wp-json\/wp\/v2\/types\/page"}],"author":[{"embeddable":true,"href":"https:\/\/thermik.es\/wordpress\/wp-json\/wp\/v2\/users\/1"}],"replies":[{"embeddable":true,"href":"https:\/\/thermik.es\/wordpress\/wp-json\/wp\/v2\/comments?post=757"}],"version-history":[{"count":15,"href":"https:\/\/thermik.es\/wordpress\/wp-json\/wp\/v2\/pages\/757\/revisions"}],"predecessor-version":[{"id":1190,"href":"https:\/\/thermik.es\/wordpress\/wp-json\/wp\/v2\/pages\/757\/revisions\/1190"}],"wp:attachment":[{"href":"https:\/\/thermik.es\/wordpress\/wp-json\/wp\/v2\/media?parent=757"}],"curies":[{"name":"wp","href":"https:\/\/api.w.org\/{rel}","templated":true}]}}