{"id":83,"date":"2014-09-12T09:58:03","date_gmt":"2014-09-12T09:58:03","guid":{"rendered":"https:\/\/codeless.co\/specular\/business2\/?page_id=83"},"modified":"2021-04-09T11:39:06","modified_gmt":"2021-04-09T11:39:06","slug":"empresa-thermik","status":"publish","type":"page","link":"https:\/\/thermik.es\/wordpress\/empresa-thermik\/","title":{"rendered":"Empresa"},"content":{"rendered":"<p>[vc_row][vc_column][media alignment=&#8221;center&#8221; animation=&#8221;none&#8221; image=&#8221;1172&#8243; width=&#8221;1000%&#8221;][\/vc_column][\/vc_row][vc_row][vc_column][block_title style=&#8221;column_title&#8221; inner_style=&#8221;inline_border&#8221; title=&#8221;\u00bfQUI\u00c9N SOMOS?&#8221;][\/block_title][vc_column_text]<\/p>\n<p style=\"text-align: left;\"><strong>Thermik<\/strong> es una empresa especializada en el <strong>montaje<\/strong> y <strong>mantenimiento<\/strong> de todo tipo de instalaciones en Comunidades de Propietarios, Hospitales, Hoteles, Colegios, Laboratorios,&#8230;<\/p>\n<p style=\"text-align: left;\">Contamos con m\u00e1s de <strong>30 a\u00f1os de experiencia<\/strong> en el sector, con un equipo joven, din\u00e1mico y altamente cualificado en constante formaci\u00f3n, adapt\u00e1ndonos a las normativas vigentes.<\/p>\n<p style=\"text-align: left;\">Nuestro equipo t\u00e9cnico ofrece un <strong>servicio \u00edntegro<\/strong> para la instalaci\u00f3n y el mantenimientos de equipos de <strong>Calefacci\u00f3n, Gas, Agua Caliente Sanitaria, Aires Acondicionados<\/strong>, entre otros, siempre con el objetivo del Ahorro Energ\u00e9tico.<\/p>\n<p>[\/vc_column_text][\/vc_column][\/vc_row][vc_row disable_element=&#8221;yes&#8221;][vc_column][block_title style=&#8221;column_title&#8221; inner_style=&#8221;inline_border&#8221; title=&#8221;Our Skills&#8221;][\/block_title][skills][skill title=&#8221;Web Development&#8221; percentage=&#8221;70&#8243;][skill title=&#8221;Web Design&#8221; percentage=&#8221;80&#8243;][skill title=&#8221;Logos&#8221; percentage=&#8221;95&#8243;][skill title=&#8221;Branding&#8221; percentage=&#8221;75&#8243;][\/skills][\/vc_column][\/vc_row][vc_row disable_element=&#8221;yes&#8221;][vc_column][block_title style=&#8221;column_title&#8221; inner_style=&#8221;inline_border&#8221; title=&#8221;Our Team&#8221;][\/block_title][vc_row_inner disable_element=&#8221;yes&#8221;][vc_column_inner width=&#8221;1\/3&#8243;][staff staff=&#8221;743&#8243;][\/vc_column_inner][vc_column_inner width=&#8221;1\/3&#8243;][staff staff=&#8221;748&#8243;][\/vc_column_inner][vc_column_inner width=&#8221;1\/3&#8243;][staff staff=&#8221;747&#8243;][\/vc_column_inner][\/vc_row_inner][\/vc_column][\/vc_row][vc_row disable_element=&#8221;yes&#8221;][vc_column][separator width=&#8221;100%&#8221; height=&#8221;1px&#8221; color=&#8221;#e1e1e1&#8243; margin_top=&#8221;-20px&#8221; margin_bottom=&#8221;60px&#8221;][testimonial_carousel][\/vc_column][\/vc_row]<\/p>\n","protected":false},"excerpt":{"rendered":"<p>[vc_row][vc_column][media alignment=&#8221;center&#8221; animation=&#8221;none&#8221; image=&#8221;1172&#8243; width=&#8221;1000%&#8221;][\/vc_column][\/vc_row][vc_row][vc_column][block_title style=&#8221;column_title&#8221; inner_style=&#8221;inline_border&#8221; title=&#8221;\u00bfQUI\u00c9N SOMOS?&#8221;][\/block_title][vc_column_text] Thermik es una empresa especializada en el montaje y mantenimiento de todo tipo de instalaciones en Comunidades de Propietarios, Hospitales, Hoteles, Colegios, Laboratorios,&#8230; Contamos con m\u00e1s de 30 a\u00f1os de experiencia en el sector, con un equipo joven, din\u00e1mico y altamente cualificado en constante formaci\u00f3n, adapt\u00e1ndonos [&hellip;]<\/p>\n","protected":false},"author":1,"featured_media":0,"parent":0,"menu_order":0,"comment_status":"open","ping_status":"open","template":"","meta":{"footnotes":""},"class_list":["post-83","page","type-page","status-publish","hentry"],"yoast_head":"<!-- This site is optimized with the Yoast SEO plugin v27.5 - https:\/\/yoast.com\/product\/yoast-seo-wordpress\/ -->\n<title>\u00bfQui\u00e9n somos? - Empresa - THERMIK S.L.<\/title>\n<meta name=\"description\" content=\"Thermik es una empresa especializada en el montaje y mantenimiento de todo tipo de instalaciones en Comunidades de Propietarios, Hospitales, Hoteles, Colegios, Laboratorios,\u2026Contamos con m\u00e1s de 30 a\u00f1os de experiencia en el sector, con un equipo joven, din\u00e1mico y altamente cualificado en constante formaci\u00f3n, adapt\u00e1ndonos a las normativas vigentes. Nuestro equipo t\u00e9cnico ofrece un servicio \u00edntegro para la instalaci\u00f3n y el mantenimientos de equipos de Calefacci\u00f3n, Gas, Agua Caliente Sanitaria, Aires Acondicionados, entre otros, siempre con el objetivo del Ahorro Energ\u00e9tico.\" \/>\n<meta name=\"robots\" content=\"index, follow, max-snippet:-1, max-image-preview:large, max-video-preview:-1\" \/>\n<link rel=\"canonical\" href=\"https:\/\/thermik.es\/wordpress\/empresa-thermik\/\" \/>\n<meta property=\"og:locale\" content=\"es_ES\" \/>\n<meta property=\"og:type\" content=\"article\" \/>\n<meta property=\"og:title\" content=\"\u00bfQui\u00e9n somos? - Empresa - THERMIK S.L.\" \/>\n<meta property=\"og:description\" content=\"Thermik es una empresa especializada en el montaje y mantenimiento de todo tipo de instalaciones en Comunidades de Propietarios, Hospitales, Hoteles, Colegios, Laboratorios,\u2026Contamos con m\u00e1s de 30 a\u00f1os de experiencia en el sector, con un equipo joven, din\u00e1mico y altamente cualificado en constante formaci\u00f3n, adapt\u00e1ndonos a las normativas vigentes. Nuestro equipo t\u00e9cnico ofrece un servicio \u00edntegro para la instalaci\u00f3n y el mantenimientos de equipos de Calefacci\u00f3n, Gas, Agua Caliente Sanitaria, Aires Acondicionados, entre otros, siempre con el objetivo del Ahorro Energ\u00e9tico.\" \/>\n<meta property=\"og:url\" content=\"https:\/\/thermik.es\/wordpress\/empresa-thermik\/\" \/>\n<meta property=\"og:site_name\" content=\"THERMIK S.L.\" \/>\n<meta property=\"article:modified_time\" content=\"2021-04-09T11:39:06+00:00\" \/>\n<meta name=\"twitter:card\" content=\"summary_large_image\" \/>\n<meta name=\"twitter:label1\" content=\"Tiempo de lectura\" \/>\n\t<meta name=\"twitter:data1\" content=\"1 minuto\" \/>\n<script type=\"application\/ld+json\" class=\"yoast-schema-graph\">{\"@context\":\"https:\\\/\\\/schema.org\",\"@graph\":[{\"@type\":\"WebPage\",\"@id\":\"https:\\\/\\\/thermik.es\\\/wordpress\\\/empresa-thermik\\\/\",\"url\":\"https:\\\/\\\/thermik.es\\\/wordpress\\\/empresa-thermik\\\/\",\"name\":\"\u00bfQui\u00e9n somos? - Empresa - THERMIK S.L.\",\"isPartOf\":{\"@id\":\"https:\\\/\\\/thermik.es\\\/wordpress\\\/#website\"},\"datePublished\":\"2014-09-12T09:58:03+00:00\",\"dateModified\":\"2021-04-09T11:39:06+00:00\",\"description\":\"Thermik es una empresa especializada en el montaje y mantenimiento de todo tipo de instalaciones en Comunidades de Propietarios, Hospitales, Hoteles, Colegios, Laboratorios,\u2026Contamos con m\u00e1s de 30 a\u00f1os de experiencia en el sector, con un equipo joven, din\u00e1mico y altamente cualificado en constante formaci\u00f3n, adapt\u00e1ndonos a las normativas vigentes. Nuestro equipo t\u00e9cnico ofrece un servicio \u00edntegro para la instalaci\u00f3n y el mantenimientos de equipos de Calefacci\u00f3n, Gas, Agua Caliente Sanitaria, Aires Acondicionados, entre otros, siempre con el objetivo del Ahorro Energ\u00e9tico.\",\"breadcrumb\":{\"@id\":\"https:\\\/\\\/thermik.es\\\/wordpress\\\/empresa-thermik\\\/#breadcrumb\"},\"inLanguage\":\"es\",\"potentialAction\":[{\"@type\":\"ReadAction\",\"target\":[\"https:\\\/\\\/thermik.es\\\/wordpress\\\/empresa-thermik\\\/\"]}]},{\"@type\":\"BreadcrumbList\",\"@id\":\"https:\\\/\\\/thermik.es\\\/wordpress\\\/empresa-thermik\\\/#breadcrumb\",\"itemListElement\":[{\"@type\":\"ListItem\",\"position\":1,\"name\":\"Portada\",\"item\":\"https:\\\/\\\/thermik.es\\\/wordpress\\\/\"},{\"@type\":\"ListItem\",\"position\":2,\"name\":\"Empresa\"}]},{\"@type\":\"WebSite\",\"@id\":\"https:\\\/\\\/thermik.es\\\/wordpress\\\/#website\",\"url\":\"https:\\\/\\\/thermik.es\\\/wordpress\\\/\",\"name\":\"THERMIK S.L.\",\"description\":\"Thermik.S.L.\",\"potentialAction\":[{\"@type\":\"SearchAction\",\"target\":{\"@type\":\"EntryPoint\",\"urlTemplate\":\"https:\\\/\\\/thermik.es\\\/wordpress\\\/?s={search_term_string}\"},\"query-input\":{\"@type\":\"PropertyValueSpecification\",\"valueRequired\":true,\"valueName\":\"search_term_string\"}}],\"inLanguage\":\"es\"}]}<\/script>\n<!-- \/ Yoast SEO plugin. -->","yoast_head_json":{"title":"\u00bfQui\u00e9n somos? - Empresa - THERMIK S.L.","description":"Thermik es una empresa especializada en el montaje y mantenimiento de todo tipo de instalaciones en Comunidades de Propietarios, Hospitales, Hoteles, Colegios, Laboratorios,\u2026Contamos con m\u00e1s de 30 a\u00f1os de experiencia en el sector, con un equipo joven, din\u00e1mico y altamente cualificado en constante formaci\u00f3n, adapt\u00e1ndonos a las normativas vigentes. Nuestro equipo t\u00e9cnico ofrece un servicio \u00edntegro para la instalaci\u00f3n y el mantenimientos de equipos de Calefacci\u00f3n, Gas, Agua Caliente Sanitaria, Aires Acondicionados, entre otros, siempre con el objetivo del Ahorro Energ\u00e9tico.","robots":{"index":"index","follow":"follow","max-snippet":"max-snippet:-1","max-image-preview":"max-image-preview:large","max-video-preview":"max-video-preview:-1"},"canonical":"https:\/\/thermik.es\/wordpress\/empresa-thermik\/","og_locale":"es_ES","og_type":"article","og_title":"\u00bfQui\u00e9n somos? - Empresa - THERMIK S.L.","og_description":"Thermik es una empresa especializada en el montaje y mantenimiento de todo tipo de instalaciones en Comunidades de Propietarios, Hospitales, Hoteles, Colegios, Laboratorios,\u2026Contamos con m\u00e1s de 30 a\u00f1os de experiencia en el sector, con un equipo joven, din\u00e1mico y altamente cualificado en constante formaci\u00f3n, adapt\u00e1ndonos a las normativas vigentes. Nuestro equipo t\u00e9cnico ofrece un servicio \u00edntegro para la instalaci\u00f3n y el mantenimientos de equipos de Calefacci\u00f3n, Gas, Agua Caliente Sanitaria, Aires Acondicionados, entre otros, siempre con el objetivo del Ahorro Energ\u00e9tico.","og_url":"https:\/\/thermik.es\/wordpress\/empresa-thermik\/","og_site_name":"THERMIK S.L.","article_modified_time":"2021-04-09T11:39:06+00:00","twitter_card":"summary_large_image","twitter_misc":{"Tiempo de lectura":"1 minuto"},"schema":{"@context":"https:\/\/schema.org","@graph":[{"@type":"WebPage","@id":"https:\/\/thermik.es\/wordpress\/empresa-thermik\/","url":"https:\/\/thermik.es\/wordpress\/empresa-thermik\/","name":"\u00bfQui\u00e9n somos? - Empresa - THERMIK S.L.","isPartOf":{"@id":"https:\/\/thermik.es\/wordpress\/#website"},"datePublished":"2014-09-12T09:58:03+00:00","dateModified":"2021-04-09T11:39:06+00:00","description":"Thermik es una empresa especializada en el montaje y mantenimiento de todo tipo de instalaciones en Comunidades de Propietarios, Hospitales, Hoteles, Colegios, Laboratorios,\u2026Contamos con m\u00e1s de 30 a\u00f1os de experiencia en el sector, con un equipo joven, din\u00e1mico y altamente cualificado en constante formaci\u00f3n, adapt\u00e1ndonos a las normativas vigentes. Nuestro equipo t\u00e9cnico ofrece un servicio \u00edntegro para la instalaci\u00f3n y el mantenimientos de equipos de Calefacci\u00f3n, Gas, Agua Caliente Sanitaria, Aires Acondicionados, entre otros, siempre con el objetivo del Ahorro Energ\u00e9tico.","breadcrumb":{"@id":"https:\/\/thermik.es\/wordpress\/empresa-thermik\/#breadcrumb"},"inLanguage":"es","potentialAction":[{"@type":"ReadAction","target":["https:\/\/thermik.es\/wordpress\/empresa-thermik\/"]}]},{"@type":"BreadcrumbList","@id":"https:\/\/thermik.es\/wordpress\/empresa-thermik\/#breadcrumb","itemListElement":[{"@type":"ListItem","position":1,"name":"Portada","item":"https:\/\/thermik.es\/wordpress\/"},{"@type":"ListItem","position":2,"name":"Empresa"}]},{"@type":"WebSite","@id":"https:\/\/thermik.es\/wordpress\/#website","url":"https:\/\/thermik.es\/wordpress\/","name":"THERMIK S.L.","description":"Thermik.S.L.","potentialAction":[{"@type":"SearchAction","target":{"@type":"EntryPoint","urlTemplate":"https:\/\/thermik.es\/wordpress\/?s={search_term_string}"},"query-input":{"@type":"PropertyValueSpecification","valueRequired":true,"valueName":"search_term_string"}}],"inLanguage":"es"}]}},"_links":{"self":[{"href":"https:\/\/thermik.es\/wordpress\/wp-json\/wp\/v2\/pages\/83","targetHints":{"allow":["GET"]}}],"collection":[{"href":"https:\/\/thermik.es\/wordpress\/wp-json\/wp\/v2\/pages"}],"about":[{"href":"https:\/\/thermik.es\/wordpress\/wp-json\/wp\/v2\/types\/page"}],"author":[{"embeddable":true,"href":"https:\/\/thermik.es\/wordpress\/wp-json\/wp\/v2\/users\/1"}],"replies":[{"embeddable":true,"href":"https:\/\/thermik.es\/wordpress\/wp-json\/wp\/v2\/comments?post=83"}],"version-history":[{"count":9,"href":"https:\/\/thermik.es\/wordpress\/wp-json\/wp\/v2\/pages\/83\/revisions"}],"predecessor-version":[{"id":1124,"href":"https:\/\/thermik.es\/wordpress\/wp-json\/wp\/v2\/pages\/83\/revisions\/1124"}],"wp:attachment":[{"href":"https:\/\/thermik.es\/wordpress\/wp-json\/wp\/v2\/media?parent=83"}],"curies":[{"name":"wp","href":"https:\/\/api.w.org\/{rel}","templated":true}]}}