{"id":879,"date":"2014-09-11T15:07:02","date_gmt":"2014-09-11T15:07:02","guid":{"rendered":"https:\/\/codeless.co\/specular\/business2\/?page_id=6"},"modified":"2024-10-01T19:37:13","modified_gmt":"2024-10-01T19:37:13","slug":"thermik","status":"publish","type":"page","link":"https:\/\/thermik.es\/wordpress\/","title":{"rendered":"Inicio"},"content":{"rendered":"<p>[vc_row][vc_column][vc_custom_heading text=&#8221;Bienvenidos a <b>Thermik Damaser<\/b> una empresa especializada en el montaje y mantenimiento de todo tipos de instalaciones industriales y dom\u00e9sticas.&#8221; font_container=&#8221;tag:h2|font_size:28px|text_align:center|color:%23555555|line_height:40px&#8221;][separator width=&#8221;100%&#8221; height=&#8221;1px&#8221; color=&#8221;#e1e1e1&#8243; margin_top=&#8221;20px&#8221;][\/vc_column][\/vc_row][vc_row][vc_column][slideshow image_size=&#8221;blog&#8221; slides=&#8221;1140,1151,1159,1152&#8243;][\/vc_column][\/vc_row][vc_row][vc_column width=&#8221;1\/3&#8243;][services_medium title=&#8221;Servicios&#8221; style=&#8221;style_3&#8243; icon=&#8221;steadysets-icon-star&#8221; icon_color=&#8221;#426da9&#8243; circle_color=&#8221;#f5f5f5&#8243; border_color=&#8221;#e1e1e1&#8243; dynamic_content_link=&#8221;https:\/\/thermik.es\/wordpress\/servicios-thermik\/&#8221;]Contamos con personal cualificado para la prestaci\u00f3n de cualquiera de nuestros servicios en <strong class=\"highlights\"> instalaciones <\/strong> industriales y dom\u00e9sticas.[\/services_medium][\/vc_column][vc_column width=&#8221;1\/3&#8243;][services_medium title=&#8221;Repartidores de Costes&#8221; style=&#8221;style_3&#8243; icon=&#8221;moon-home-6&#8243; icon_color=&#8221;#426da9&#8243; circle_color=&#8221;#f5f5f5&#8243; border_color=&#8221;#e1e1e1&#8243; dynamic_content_link=&#8221;https:\/\/thermik.es\/wordpress\/repartidoresdecostes\/&#8221;]Ayudamos a los edificios con <strong>Agua Caliente Sanitaria<\/strong> y <strong>Calefacci\u00f3n Centralizada<\/strong> a conseguir la <strong class=\"highlights\">medici\u00f3n de consumo real <\/strong>\u00a0por vivienda adecu\u00e1ndose a las normativas recientes de <strong>ahorro energ\u00e9tico<\/strong>.[\/services_medium][\/vc_column][vc_column width=&#8221;1\/3&#8243;][services_medium title=&#8221;Mantenimientos&#8221; style=&#8221;style_3&#8243; icon=&#8221;moon-tools&#8221; icon_color=&#8221;#426da9&#8243; circle_color=&#8221;#f5f5f5&#8243; border_color=&#8221;#e1e1e1&#8243; dynamic_content_link=&#8221;https:\/\/thermik.es\/wordpress\/mantenimientos-thermik\/&#8221;]Especializados en el <strong class=\"highlights\">mantenimiento preventivo <\/strong> \u00a0de todo tipo de instalaciones para <strong>particulares<\/strong>, <strong>Administradores<\/strong> y <strong>empresas.<\/strong>[\/services_medium][\/vc_column][\/vc_row][vc_row disable_element=&#8221;yes&#8221;][vc_column][block_title style=&#8221;column_title&#8221; inner_style=&#8221;inline_border&#8221; title=&#8221;Recent Portfolio&#8221;][\/block_title][recent_portfolio style=&#8221;basic&#8221; columns=&#8221;4&#8243; carousel=&#8221;no&#8221;][\/vc_column][\/vc_row][vc_row disable_element=&#8221;yes&#8221;][vc_column width=&#8221;1\/3&#8243;][block_title style=&#8221;column_title&#8221; inner_style=&#8221;inline_border&#8221; title=&#8221;Why Choose Us ?&#8221;][\/block_title][vc_accordion style=&#8221;style_3&#8243;][vc_accordion_tab title=&#8221;Easy to use and publish&#8221; open=&#8221;1&#8243;][vc_column_text]With more than ten years experience in web site building and marketing campaigns we are able and sure to provide our customers with the possibility to create the best seller product on the market.[\/vc_column_text][\/vc_accordion_tab][vc_accordion_tab title=&#8221;Members Area Plethora of Extra Features&#8221;][vc_column_text]These are our three major logic separations on Specular. What this mean? This means Codeless. No more code skills needing to start up your business, to boost your online sales, to create your portfolio, church, medicine, creative, photography, travel, restaurant (and much more)[\/vc_column_text][\/vc_accordion_tab][vc_accordion_tab title=&#8221;Marketing Make Money&#8221;][vc_column_text]With more than ten years experience in web site building and marketing campaigns we are able and sure to provide our customers with the possibility to create the best seller product on the market.[\/vc_column_text][\/vc_accordion_tab][\/vc_accordion][\/vc_column][vc_column width=&#8221;1\/3&#8243;][block_title style=&#8221;column_title&#8221; inner_style=&#8221;inline_border&#8221; title=&#8221;Recent News&#8221;][\/block_title][recent_news style=&#8221;vertical&#8221;][\/vc_column][vc_column width=&#8221;1\/3&#8243;][block_title style=&#8221;column_title&#8221; inner_style=&#8221;inline_border&#8221; title=&#8221;Testimonials&#8221;][\/block_title][testimonial_cycle][\/vc_column][\/vc_row][vc_row disable_element=&#8221;yes&#8221;][vc_column][block_title style=&#8221;column_title&#8221; inner_style=&#8221;inline_border&#8221; title=&#8221;Our Clients&#8221;][\/block_title][clients][\/vc_column][\/vc_row][vc_row type=&#8221;full_width_background&#8221; text_color=&#8221;light&#8221; top_padding=&#8221;45&#8243; bottom_padding=&#8221;45&#8243; disable_element=&#8221;yes&#8221;][vc_column width=&#8221;2\/3&#8243;][vc_custom_heading text=&#8221;<strong>Love Specular?<\/strong> Purchase &amp; get it now.&#8221; font_container=&#8221;tag:h2|font_size:24px|text_align:left|color:%23ffffff|line_height:34px&#8221;][separator width=&#8221;60px&#8221; height=&#8221;1px&#8221; color=&#8221;rgba(255,255,255,0.14)&#8221; margin_top=&#8221;-19px&#8221;][vc_column_text]Not only home variations or demos but fully created sites for you ready to publish on the net. More than 20+ ready to use sites created with research and dedication. Choose the right one and go online in 5 minutes. Specular is the last theme you will ever need to buy. Keep coming back to this page to get the latest updates.[\/vc_column_text][\/vc_column][vc_column width=&#8221;1\/3&#8243;][vc_empty_space height=&#8221;20px&#8221;][media alignment=&#8221;center&#8221; animation=&#8221;left&#8221; image=&#8221;876&#8243; width=&#8221;84&#8243;][\/vc_column][\/vc_row]<\/p>\n","protected":false},"excerpt":{"rendered":"<p>[vc_row][vc_column][vc_custom_heading text=&#8221;Bienvenidos a Thermik Damaser una empresa especializada en el montaje y mantenimiento de todo tipos de instalaciones industriales y dom\u00e9sticas.&#8221; font_container=&#8221;tag:h2|font_size:28px|text_align:center|color:%23555555|line_height:40px&#8221;][separator width=&#8221;100%&#8221; height=&#8221;1px&#8221; color=&#8221;#e1e1e1&#8243; margin_top=&#8221;20px&#8221;][\/vc_column][\/vc_row][vc_row][vc_column][slideshow image_size=&#8221;blog&#8221; slides=&#8221;1140,1151,1159,1152&#8243;][\/vc_column][\/vc_row][vc_row][vc_column width=&#8221;1\/3&#8243;][services_medium title=&#8221;Servicios&#8221; style=&#8221;style_3&#8243; icon=&#8221;steadysets-icon-star&#8221; icon_color=&#8221;#426da9&#8243; circle_color=&#8221;#f5f5f5&#8243; border_color=&#8221;#e1e1e1&#8243; dynamic_content_link=&#8221;https:\/\/thermik.es\/wordpress\/servicios-thermik\/&#8221;]Contamos con personal cualificado para la prestaci\u00f3n de cualquiera de nuestros servicios en industriales y dom\u00e9sticas.[\/services_medium][\/vc_column][vc_column width=&#8221;1\/3&#8243;][services_medium title=&#8221;Repartidores de Costes&#8221; [&hellip;]<\/p>\n","protected":false},"author":1,"featured_media":0,"parent":0,"menu_order":0,"comment_status":"open","ping_status":"open","template":"","meta":{"footnotes":""},"class_list":["post-879","page","type-page","status-publish","hentry"],"yoast_head":"<!-- This site is optimized with the Yoast SEO plugin v27.4 - https:\/\/yoast.com\/product\/yoast-seo-wordpress\/ -->\n<title>Thermik especializados instalaci\u00f3n y mantenimientos<\/title>\n<meta name=\"description\" content=\"Thermik especializados instalaci\u00f3n y mantenimientos de equipos de Calefacci\u00f3n, Gas, Agua Caliente Sanitaria y Aires Acondicionados.\" \/>\n<meta name=\"robots\" content=\"index, follow, max-snippet:-1, max-image-preview:large, max-video-preview:-1\" \/>\n<link rel=\"canonical\" href=\"https:\/\/thermik.es\/wordpress\/\" \/>\n<meta property=\"og:locale\" content=\"es_ES\" \/>\n<meta property=\"og:type\" content=\"article\" \/>\n<meta property=\"og:title\" content=\"Thermik especializados instalaci\u00f3n y mantenimientos\" \/>\n<meta property=\"og:description\" content=\"Thermik especializados instalaci\u00f3n y mantenimientos de equipos de Calefacci\u00f3n, Gas, Agua Caliente Sanitaria y Aires Acondicionados.\" \/>\n<meta property=\"og:url\" content=\"https:\/\/thermik.es\/wordpress\/\" \/>\n<meta property=\"og:site_name\" content=\"THERMIK S.L.\" \/>\n<meta property=\"article:modified_time\" content=\"2024-10-01T19:37:13+00:00\" \/>\n<meta name=\"twitter:card\" content=\"summary_large_image\" \/>\n<meta name=\"twitter:label1\" content=\"Tiempo de lectura\" \/>\n\t<meta name=\"twitter:data1\" content=\"2 minutos\" \/>\n<script type=\"application\/ld+json\" class=\"yoast-schema-graph\">{\"@context\":\"https:\\\/\\\/schema.org\",\"@graph\":[{\"@type\":\"WebPage\",\"@id\":\"https:\\\/\\\/thermik.es\\\/wordpress\\\/\",\"url\":\"https:\\\/\\\/thermik.es\\\/wordpress\\\/\",\"name\":\"Thermik especializados instalaci\u00f3n y mantenimientos\",\"isPartOf\":{\"@id\":\"https:\\\/\\\/thermik.es\\\/wordpress\\\/#website\"},\"datePublished\":\"2014-09-11T15:07:02+00:00\",\"dateModified\":\"2024-10-01T19:37:13+00:00\",\"description\":\"Thermik especializados instalaci\u00f3n y mantenimientos de equipos de Calefacci\u00f3n, Gas, Agua Caliente Sanitaria y Aires Acondicionados.\",\"breadcrumb\":{\"@id\":\"https:\\\/\\\/thermik.es\\\/wordpress\\\/#breadcrumb\"},\"inLanguage\":\"es\",\"potentialAction\":[{\"@type\":\"ReadAction\",\"target\":[\"https:\\\/\\\/thermik.es\\\/wordpress\\\/\"]}]},{\"@type\":\"BreadcrumbList\",\"@id\":\"https:\\\/\\\/thermik.es\\\/wordpress\\\/#breadcrumb\",\"itemListElement\":[{\"@type\":\"ListItem\",\"position\":1,\"name\":\"Portada\",\"item\":\"https:\\\/\\\/thermik.es\\\/wordpress\\\/\"},{\"@type\":\"ListItem\",\"position\":2,\"name\":\"Inicio\"}]},{\"@type\":\"WebSite\",\"@id\":\"https:\\\/\\\/thermik.es\\\/wordpress\\\/#website\",\"url\":\"https:\\\/\\\/thermik.es\\\/wordpress\\\/\",\"name\":\"THERMIK S.L.\",\"description\":\"Thermik.S.L.\",\"potentialAction\":[{\"@type\":\"SearchAction\",\"target\":{\"@type\":\"EntryPoint\",\"urlTemplate\":\"https:\\\/\\\/thermik.es\\\/wordpress\\\/?s={search_term_string}\"},\"query-input\":{\"@type\":\"PropertyValueSpecification\",\"valueRequired\":true,\"valueName\":\"search_term_string\"}}],\"inLanguage\":\"es\"}]}<\/script>\n<!-- \/ Yoast SEO plugin. -->","yoast_head_json":{"title":"Thermik especializados instalaci\u00f3n y mantenimientos","description":"Thermik especializados instalaci\u00f3n y mantenimientos de equipos de Calefacci\u00f3n, Gas, Agua Caliente Sanitaria y Aires Acondicionados.","robots":{"index":"index","follow":"follow","max-snippet":"max-snippet:-1","max-image-preview":"max-image-preview:large","max-video-preview":"max-video-preview:-1"},"canonical":"https:\/\/thermik.es\/wordpress\/","og_locale":"es_ES","og_type":"article","og_title":"Thermik especializados instalaci\u00f3n y mantenimientos","og_description":"Thermik especializados instalaci\u00f3n y mantenimientos de equipos de Calefacci\u00f3n, Gas, Agua Caliente Sanitaria y Aires Acondicionados.","og_url":"https:\/\/thermik.es\/wordpress\/","og_site_name":"THERMIK S.L.","article_modified_time":"2024-10-01T19:37:13+00:00","twitter_card":"summary_large_image","twitter_misc":{"Tiempo de lectura":"2 minutos"},"schema":{"@context":"https:\/\/schema.org","@graph":[{"@type":"WebPage","@id":"https:\/\/thermik.es\/wordpress\/","url":"https:\/\/thermik.es\/wordpress\/","name":"Thermik especializados instalaci\u00f3n y mantenimientos","isPartOf":{"@id":"https:\/\/thermik.es\/wordpress\/#website"},"datePublished":"2014-09-11T15:07:02+00:00","dateModified":"2024-10-01T19:37:13+00:00","description":"Thermik especializados instalaci\u00f3n y mantenimientos de equipos de Calefacci\u00f3n, Gas, Agua Caliente Sanitaria y Aires Acondicionados.","breadcrumb":{"@id":"https:\/\/thermik.es\/wordpress\/#breadcrumb"},"inLanguage":"es","potentialAction":[{"@type":"ReadAction","target":["https:\/\/thermik.es\/wordpress\/"]}]},{"@type":"BreadcrumbList","@id":"https:\/\/thermik.es\/wordpress\/#breadcrumb","itemListElement":[{"@type":"ListItem","position":1,"name":"Portada","item":"https:\/\/thermik.es\/wordpress\/"},{"@type":"ListItem","position":2,"name":"Inicio"}]},{"@type":"WebSite","@id":"https:\/\/thermik.es\/wordpress\/#website","url":"https:\/\/thermik.es\/wordpress\/","name":"THERMIK S.L.","description":"Thermik.S.L.","potentialAction":[{"@type":"SearchAction","target":{"@type":"EntryPoint","urlTemplate":"https:\/\/thermik.es\/wordpress\/?s={search_term_string}"},"query-input":{"@type":"PropertyValueSpecification","valueRequired":true,"valueName":"search_term_string"}}],"inLanguage":"es"}]}},"_links":{"self":[{"href":"https:\/\/thermik.es\/wordpress\/wp-json\/wp\/v2\/pages\/879","targetHints":{"allow":["GET"]}}],"collection":[{"href":"https:\/\/thermik.es\/wordpress\/wp-json\/wp\/v2\/pages"}],"about":[{"href":"https:\/\/thermik.es\/wordpress\/wp-json\/wp\/v2\/types\/page"}],"author":[{"embeddable":true,"href":"https:\/\/thermik.es\/wordpress\/wp-json\/wp\/v2\/users\/1"}],"replies":[{"embeddable":true,"href":"https:\/\/thermik.es\/wordpress\/wp-json\/wp\/v2\/comments?post=879"}],"version-history":[{"count":27,"href":"https:\/\/thermik.es\/wordpress\/wp-json\/wp\/v2\/pages\/879\/revisions"}],"predecessor-version":[{"id":1204,"href":"https:\/\/thermik.es\/wordpress\/wp-json\/wp\/v2\/pages\/879\/revisions\/1204"}],"wp:attachment":[{"href":"https:\/\/thermik.es\/wordpress\/wp-json\/wp\/v2\/media?parent=879"}],"curies":[{"name":"wp","href":"https:\/\/api.w.org\/{rel}","templated":true}]}}